{"id":140,"date":"2026-03-12T08:04:59","date_gmt":"2026-03-12T08:04:59","guid":{"rendered":"https:\/\/stopcancertogether.org\/sk\/?post_type=product&#038;p=140"},"modified":"2026-03-12T08:16:09","modified_gmt":"2026-03-12T08:16:09","slug":"cleorix","status":"publish","type":"product","link":"https:\/\/stopcancertogether.org\/sk\/produkt\/cleorix\/","title":{"rendered":"Cleorix"},"content":{"rendered":"<h2>Parazity v tele: pr\u00edznaky, rizik\u00e1 a podpora organizmu pomocou Cleorix<\/h2>\n<p>Parazity v \u013eudskom tele s\u00fa \u010dastej\u0161\u00edm probl\u00e9mom, ne\u017e si mnoh\u00ed \u013eudia uvedomuj\u00fa. Do organizmu sa m\u00f4\u017eu dosta\u0165 prostredn\u00edctvom nedostato\u010dne umyt\u00e9ho ovocia a zeleniny, kontaminovanej vody alebo kontaktom s r\u00f4znymi povrchmi. Ich pr\u00edtomnos\u0165 m\u00f4\u017ee ovplyvni\u0165 tr\u00e1venie, energiu aj celkov\u00fa pohodu.<\/p>\n<p>Mnoho \u013eud\u00ed si pritom pr\u00edznaky ani nespoj\u00ed s mo\u017enou pr\u00edtomnos\u0165ou parazitov. \u00danava, nad\u00favanie alebo ko\u017en\u00e9 probl\u00e9my m\u00f4\u017eu by\u0165 \u010dasto sign\u00e1lom, \u017ee tr\u00e1viaci syst\u00e9m nefunguje optim\u00e1lne.<\/p>\n<p>Jedn\u00fdm z doplnkov v\u00fd\u017eivy, ktor\u00fd je zameran\u00fd na podporu \u010drevn\u00e9ho prostredia a prirodzenej rovnov\u00e1hy organizmu, je Cleorix.<\/p>\n<h2>\u010co s\u00fa parazity v tele?<\/h2>\n<p>Parazity s\u00fa organizmy, ktor\u00e9 \u017eij\u00fa v tele hostite\u013ea a vyu\u017e\u00edvaj\u00fa jeho \u017eiviny na pre\u017eitie. Naj\u010dastej\u0161ie sa nach\u00e1dzaj\u00fa v tr\u00e1viacom syst\u00e9me, kde m\u00f4\u017eu ovplyvni\u0165 vstreb\u00e1vanie \u017eiv\u00edn a celkov\u00e9 fungovanie organizmu.<\/p>\n<p>Do tela sa m\u00f4\u017eu dosta\u0165 r\u00f4znymi sp\u00f4sobmi \u2013 napr\u00edklad prostredn\u00edctvom potrav\u00edn, vody alebo nedostato\u010dnej hygieny r\u00fak.<\/p>\n<p>Aj ke\u010f nie v\u017edy sp\u00f4sobuj\u00fa v\u00fdrazn\u00e9 pr\u00edznaky, ich pr\u00edtomnos\u0165 m\u00f4\u017ee postupne ovplyvni\u0165 celkov\u00fa pohodu \u010dloveka.<\/p>\n<h2>Mo\u017en\u00e9 pr\u00edznaky pr\u00edtomnosti parazitov<\/h2>\n<p>Niektor\u00e9 sign\u00e1ly, ktor\u00e9 m\u00f4\u017eu nazna\u010dova\u0165 nerovnov\u00e1hu v \u010drevnom prostred\u00ed, zah\u0155\u0148aj\u00fa:<\/p>\n<ul>\n<li>\u010dast\u00e9 nad\u00favanie<\/li>\n<li>nepravideln\u00e9 tr\u00e1venie<\/li>\n<li>\u00fanava bez jasnej pr\u00ed\u010diny<\/li>\n<li>svrbenie v oblasti kone\u010dn\u00edka<\/li>\n<li>ko\u017en\u00e9 probl\u00e9my<\/li>\n<li>zn\u00ed\u017een\u00e1 energia<\/li>\n<\/ul>\n<p>Tieto pr\u00edznaky m\u00f4\u017eu ma\u0165 r\u00f4zne pr\u00ed\u010diny, no zdravie tr\u00e1viaceho syst\u00e9mu zohr\u00e1va v celkovej pohode ve\u013emi d\u00f4le\u017eit\u00fa \u00falohu.<\/p>\n<h2>\u010co je Cleorix?<\/h2>\n<p>Cleorix je doplnok v\u00fd\u017eivy vytvoren\u00fd na podporu \u010drevn\u00e9ho zdravia a rovnov\u00e1hy tr\u00e1viaceho syst\u00e9mu. Obsahuje kombin\u00e1ciu rastlinn\u00fdch extraktov, ktor\u00e9 sa tradi\u010dne pou\u017e\u00edvaj\u00fa na podporu tr\u00e1venia.<\/p>\n<p>Kapsuly s\u00fa navrhnut\u00e9 tak, aby dop\u013a\u0148ali zdrav\u00fd \u017eivotn\u00fd \u0161t\u00fdl a pom\u00e1hali udr\u017eiava\u0165 prirodzen\u00e9 prostredie v tr\u00e1viacom trakte.<\/p>\n<p>Produkt je vhodn\u00fd pre \u013eud\u00ed, ktor\u00ed chc\u00fa podpori\u0165 svoje tr\u00e1venie a celkov\u00fd \u010drevn\u00fd komfort.<\/p>\n<h2>Pr\u00edrodn\u00e9 zlo\u017eenie<\/h2>\n<p>Zlo\u017eenie doplnku Cleorix obsahuje kombin\u00e1ciu rastlinn\u00fdch extraktov a pr\u00edrodn\u00fdch l\u00e1tok:<\/p>\n<ul>\n<li>extrakt z cesnaku<\/li>\n<li>extrakt zo z\u00e1zvoru<\/li>\n<li>extrakt z tekvicov\u00fdch semien<\/li>\n<li>extrakt z \u010diernej rasce<\/li>\n<li>extrakt z p\u00fapavy<\/li>\n<li>papain (enz\u00fdm z pap\u00e1je)<\/li>\n<\/ul>\n<p>Tieto zlo\u017eky s\u00fa zn\u00e1me t\u00fdm, \u017ee sa tradi\u010dne pou\u017e\u00edvaj\u00fa na podporu tr\u00e1viaceho syst\u00e9mu a \u010drevnej rovnov\u00e1hy.<\/p>\n<h2>Ako Cleorix p\u00f4sob\u00ed?<\/h2>\n<p>\u00da\u010dinok doplnku je zalo\u017een\u00fd na kombin\u00e1cii rastlinn\u00fdch extraktov, ktor\u00e9 podporuj\u00fa prirodzen\u00e9 procesy v tr\u00e1viacom syst\u00e9me.<\/p>\n<p>Produkt m\u00f4\u017ee pom\u00f4c\u0165 podpori\u0165:<\/p>\n<ul>\n<li>rovnov\u00e1hu \u010drevnej mikrofl\u00f3ry<\/li>\n<li>spr\u00e1vne fungovanie tr\u00e1venia<\/li>\n<li>prirodzen\u00fd komfort tr\u00e1viaceho syst\u00e9mu<\/li>\n<li>celkov\u00fa pohodu organizmu<\/li>\n<\/ul>\n<p>V\u010faka pr\u00edrodn\u00e9mu zlo\u017eeniu m\u00f4\u017ee by\u0165 vhodn\u00fdm doplnkom ka\u017edodennej starostlivosti o tr\u00e1viaci syst\u00e9m.<\/p>\n<h2>V\u00fdhody produktu Cleorix<\/h2>\n<p>Medzi hlavn\u00e9 v\u00fdhody doplnku patria:<\/p>\n<ul>\n<li>pr\u00edrodn\u00e9 rastlinn\u00e9 zlo\u017eky<\/li>\n<li>jednoduch\u00e9 u\u017e\u00edvanie vo forme kaps\u00fal<\/li>\n<li>vhodn\u00e9 pre ka\u017edodenn\u00fa rutinu<\/li>\n<li>podpora tr\u00e1viaceho syst\u00e9mu<\/li>\n<li>praktick\u00e9 balenie<\/li>\n<\/ul>\n<h2>Porovnanie s be\u017en\u00fdmi doplnkami<\/h2>\n<table>\n<thead>\n<tr>\n<th>Vlastnos\u0165<\/th>\n<th>Cleorix<\/th>\n<th>Be\u017en\u00e9 doplnky<\/th>\n<\/tr>\n<\/thead>\n<tbody>\n<tr>\n<td>Rastlinn\u00e9 extrakty<\/td>\n<td>\u2714<\/td>\n<td>nie v\u017edy<\/td>\n<\/tr>\n<tr>\n<td>Kombin\u00e1cia viacer\u00fdch zlo\u017eiek<\/td>\n<td>\u2714<\/td>\n<td>\u010dasto len 1\u20132<\/td>\n<\/tr>\n<tr>\n<td>Jednoduch\u00e9 kapsuly<\/td>\n<td>\u2714<\/td>\n<td>nie v\u017edy<\/td>\n<\/tr>\n<tr>\n<td>Podpora \u010drevnej rovnov\u00e1hy<\/td>\n<td>\u2714<\/td>\n<td>obmedzen\u00e1<\/td>\n<\/tr>\n<\/tbody>\n<\/table>\n<h2>Sk\u00fasenosti pou\u017e\u00edvate\u013eov<\/h2>\n<p>Pou\u017e\u00edvatelia doplnku Cleorix \u010dasto uv\u00e1dzaj\u00fa pozit\u00edvne sk\u00fasenosti s jeho pou\u017e\u00edvan\u00edm.<\/p>\n<blockquote><p><strong>Martin, 41 rokov<\/strong><br \/>\n\u201ePo nieko\u013ek\u00fdch t\u00fd\u017ed\u0148och som si v\u0161imol, \u017ee moje tr\u00e1venie je pravidelnej\u0161ie a c\u00edtim sa lep\u0161ie.\u201c<\/p>\n<p><strong>Lucia, 36 rokov<\/strong><br \/>\n\u201eKapsuly sa \u013eahko u\u017e\u00edvaj\u00fa a stali sa s\u00fa\u010das\u0165ou mojej ka\u017edodennej rutiny.\u201c<\/p>\n<p><strong>Peter, 49 rokov<\/strong><br \/>\n\u201eH\u013eadal som doplnok s pr\u00edrodn\u00fdm zlo\u017een\u00edm a Cleorix mi vyhovuje.\u201c<\/p><\/blockquote>\n<h2>Kde k\u00fapi\u0165 Cleorix?<\/h2>\n<p>Produkt Cleorix je dostupn\u00fd prostredn\u00edctvom ofici\u00e1lnych online str\u00e1nok. Objedn\u00e1vka je jednoduch\u00e1 \u2013 sta\u010d\u00ed vyplni\u0165 objedn\u00e1vkov\u00fd formul\u00e1r a po\u010dka\u0165 na potvrdenie objedn\u00e1vky.<\/p>\n<p>Po potvrden\u00ed je produkt doru\u010den\u00fd priamo na adresu z\u00e1kazn\u00edka.<\/p>\n<h2>FAQ<\/h2>\n<h3>Pom\u00e1ha Cleorix pri podpore \u010drevn\u00e9ho zdravia?<\/h3>\n<p>Cleorix je doplnok v\u00fd\u017eivy ur\u010den\u00fd na podporu tr\u00e1viaceho syst\u00e9mu a \u010drevnej rovnov\u00e1hy.<\/p>\n<h3>Je Cleorix liek?<\/h3>\n<p>Nie. Ide o doplnok v\u00fd\u017eivy, ktor\u00fd dop\u013a\u0148a zdrav\u00fd \u017eivotn\u00fd \u0161t\u00fdl.<\/p>\n<h3>Ako dlho je vhodn\u00e9 kapsuly u\u017e\u00edva\u0165?<\/h3>\n<p>D\u013a\u017eka u\u017e\u00edvania z\u00e1vis\u00ed od individu\u00e1lnych potrieb a odpor\u00fa\u010dan\u00ed v\u00fdrobcu.<\/p>\n<h3>M\u00e1 produkt pr\u00edrodn\u00e9 zlo\u017eenie?<\/h3>\n<p>\u00c1no, obsahuje kombin\u00e1ciu rastlinn\u00fdch extraktov.<\/p>\n<h3>Kde sa d\u00e1 produkt objedna\u0165?<\/h3>\n<p>Naj\u010dastej\u0161ie je dostupn\u00fd prostredn\u00edctvom ofici\u00e1lnych predajn\u00fdch str\u00e1nok online.<\/p>\n<h2>Zhrnutie<\/h2>\n<p>Cleorix je doplnok v\u00fd\u017eivy vo forme kaps\u00fal, ktor\u00fd je navrhnut\u00fd na podporu \u010drevn\u00e9ho zdravia a prirodzenej rovnov\u00e1hy tr\u00e1viaceho syst\u00e9mu. V\u010faka kombin\u00e1cii rastlinn\u00fdch extraktov m\u00f4\u017ee by\u0165 vhodn\u00fdm doplnkom pre \u013eud\u00ed, ktor\u00ed chc\u00fa podpori\u0165 komfort tr\u00e1venia a starostlivos\u0165 o \u010drevn\u00e9 prostredie.<\/p>\n<p>Pri pravidelnom pou\u017e\u00edvan\u00ed a zdravom \u017eivotnom \u0161t\u00fdle m\u00f4\u017ee by\u0165 s\u00fa\u010das\u0165ou ka\u017edodennej starostlivosti o tr\u00e1viaci syst\u00e9m.<\/p>\n","protected":false},"excerpt":{"rendered":"<div class=\"flex flex-col text-sm pb-25\">\n<article class=\"text-token-text-primary w-full focus:outline-none [--shadow-height:45px] has-data-writing-block:pointer-events-none has-data-writing-block:-mt-(--shadow-height) has-data-writing-block:pt-(--shadow-height) [&amp;:has([data-writing-block])&gt;*]:pointer-events-auto scroll-mt-[calc(var(--header-height)+min(200px,max(70px,20svh)))]\" dir=\"auto\" tabindex=\"-1\" data-turn-id=\"request-WEB:8ec6406d-f12d-48a4-b3c0-335083b268d2-20\" data-testid=\"conversation-turn-16\" data-scroll-anchor=\"true\" data-turn=\"assistant\">\n<div class=\"text-base my-auto mx-auto pb-10 [--thread-content-margin:var(--thread-content-margin-xs,calc(var(--spacing)*4))] @w-sm\/main:[--thread-content-margin:var(--thread-content-margin-sm,calc(var(--spacing)*6))] @w-lg\/main:[--thread-content-margin:var(--thread-content-margin-lg,calc(var(--spacing)*16))] px-(--thread-content-margin)\">\n<div class=\"[--thread-content-max-width:40rem] @w-lg\/main:[--thread-content-max-width:48rem] mx-auto max-w-(--thread-content-max-width) flex-1 group\/turn-messages focus-visible:outline-hidden relative flex w-full min-w-0 flex-col agent-turn\" tabindex=\"-1\">\n<div class=\"flex max-w-full flex-col gap-4 grow\">\n<div class=\"min-h-8 text-message relative flex w-full flex-col items-end gap-2 text-start break-words whitespace-normal [.text-message+&amp;]:mt-1\" dir=\"auto\" data-message-author-role=\"assistant\" data-message-id=\"e4671c16-b888-4a77-b860-cb46272f6e3e\" data-message-model-slug=\"gpt-5-3\">\n<div class=\"flex w-full flex-col gap-1 empty:hidden\">\n<div class=\"markdown prose dark:prose-invert w-full wrap-break-word light markdown-new-styling\">\n<p data-start=\"55\" data-end=\"364\" data-is-last-node=\"\" data-is-only-node=\"\"><strong>Cleorix<\/strong> je doplnok v\u00fd\u017eivy vo forme kaps\u00fal ur\u010den\u00fd na podporu organizmu pri probl\u00e9moch spojen\u00fdch s \u010drevn\u00fdmi parazitmi.<\/p>\n<p data-start=\"55\" data-end=\"364\" data-is-last-node=\"\" data-is-only-node=\"\">Obsahuje kombin\u00e1ciu pr\u00edrodn\u00fdch rastlinn\u00fdch extraktov, ktor\u00e9 podporuj\u00fa zdrav\u00e9 \u010drevn\u00e9 prostredie.<\/p>\n<p data-start=\"55\" data-end=\"364\" data-is-last-node=\"\" data-is-only-node=\"\">Pravideln\u00e9 u\u017e\u00edvanie m\u00f4\u017ee pom\u00f4c\u0165 udr\u017eiava\u0165 rovnov\u00e1hu tr\u00e1viaceho syst\u00e9mu a celkov\u00fa pohodu.<\/p>\n<\/div>\n<\/div>\n<\/div>\n<\/div>\n<\/div>\n<\/div>\n<\/article>\n<\/div>\n","protected":false},"featured_media":145,"template":"","meta":{"site-sidebar-layout":"default","site-content-layout":"","ast-site-content-layout":"default","site-content-style":"default","site-sidebar-style":"default","ast-global-header-display":"","ast-banner-title-visibility":"","ast-main-header-display":"","ast-hfb-above-header-display":"","ast-hfb-below-header-display":"","ast-hfb-mobile-header-display":"","site-post-title":"","ast-breadcrumbs-content":"","ast-featured-img":"","footer-sml-layout":"","ast-disable-related-posts":"","theme-transparent-header-meta":"default","adv-header-id-meta":"","stick-header-meta":"","header-above-stick-meta":"","header-main-stick-meta":"","header-below-stick-meta":"","astra-migrate-meta-layouts":"set","ast-page-background-enabled":"default","ast-page-background-meta":{"desktop":{"background-color":"var(--ast-global-color-5)","background-image":"","background-repeat":"repeat","background-position":"center center","background-size":"auto","background-attachment":"scroll","background-type":"","background-media":"","overlay-type":"","overlay-color":"","overlay-opacity":"","overlay-gradient":""},"tablet":{"background-color":"","background-image":"","background-repeat":"repeat","background-position":"center center","background-size":"auto","background-attachment":"scroll","background-type":"","background-media":"","overlay-type":"","overlay-color":"","overlay-opacity":"","overlay-gradient":""},"mobile":{"background-color":"","background-image":"","background-repeat":"repeat","background-position":"center center","background-size":"auto","background-attachment":"scroll","background-type":"","background-media":"","overlay-type":"","overlay-color":"","overlay-opacity":"","overlay-gradient":""}},"ast-content-background-meta":{"desktop":{"background-color":"var(--ast-global-color-4)","background-image":"","background-repeat":"repeat","background-position":"center center","background-size":"auto","background-attachment":"scroll","background-type":"","background-media":"","overlay-type":"","overlay-color":"","overlay-opacity":"","overlay-gradient":""},"tablet":{"background-color":"var(--ast-global-color-4)","background-image":"","background-repeat":"repeat","background-position":"center center","background-size":"auto","background-attachment":"scroll","background-type":"","background-media":"","overlay-type":"","overlay-color":"","overlay-opacity":"","overlay-gradient":""},"mobile":{"background-color":"var(--ast-global-color-4)","background-image":"","background-repeat":"repeat","background-position":"center center","background-size":"auto","background-attachment":"scroll","background-type":"","background-media":"","overlay-type":"","overlay-color":"","overlay-opacity":"","overlay-gradient":""}}},"product_brand":[],"product_cat":[19],"product_tag":[],"class_list":{"0":"post-140","1":"product","2":"type-product","3":"status-publish","4":"has-post-thumbnail","6":"product_cat-ocista-organizmu","7":"desktop-align-left","8":"tablet-align-left","9":"mobile-align-left","11":"first","12":"instock","13":"sale","14":"shipping-taxable","15":"product-type-external"},"yoast_head":"<!-- This site is optimized with the Yoast SEO plugin v27.1.1 - https:\/\/yoast.com\/product\/yoast-seo-wordpress\/ -->\n<title>Cleorix kapsuly \u2013 podpora pri probl\u00e9moch s parazitmi<\/title>\n<meta name=\"description\" content=\"Cleorix je doplnok v\u00fd\u017eivy na podporu \u010drevn\u00e9ho zdravia. Zistite viac o pr\u00edznakoch parazitov, zlo\u017een\u00ed produktu a jeho v\u00fdhod\u00e1ch.\" \/>\n<meta name=\"robots\" content=\"index, follow, max-snippet:-1, max-image-preview:large, max-video-preview:-1\" \/>\n<link rel=\"canonical\" href=\"https:\/\/stopcancertogether.org\/sk\/produkt\/cleorix\/\" \/>\n<meta property=\"og:locale\" content=\"sk_SK\" \/>\n<meta property=\"og:type\" content=\"article\" \/>\n<meta property=\"og:title\" content=\"Cleorix kapsuly \u2013 podpora pri probl\u00e9moch s parazitmi\" \/>\n<meta property=\"og:description\" content=\"Cleorix je doplnok v\u00fd\u017eivy na podporu \u010drevn\u00e9ho zdravia. Zistite viac o pr\u00edznakoch parazitov, zlo\u017een\u00ed produktu a jeho v\u00fdhod\u00e1ch.\" \/>\n<meta property=\"og:url\" content=\"https:\/\/stopcancertogether.org\/sk\/produkt\/cleorix\/\" \/>\n<meta property=\"og:site_name\" content=\"SK\" \/>\n<meta property=\"article:modified_time\" content=\"2026-03-12T08:16:09+00:00\" \/>\n<meta property=\"og:image\" content=\"https:\/\/stopcancertogether.org\/sk\/wp-content\/uploads\/2026\/03\/Cleorix.png\" \/>\n\t<meta property=\"og:image:width\" content=\"1000\" \/>\n\t<meta property=\"og:image:height\" content=\"1000\" \/>\n\t<meta property=\"og:image:type\" content=\"image\/png\" \/>\n<meta name=\"twitter:card\" content=\"summary_large_image\" \/>\n<meta name=\"twitter:label1\" content=\"Predpokladan\u00fd \u010das \u010d\u00edtania\" \/>\n\t<meta name=\"twitter:data1\" content=\"4 min\u00faty\" \/>\n<script type=\"application\/ld+json\" class=\"yoast-schema-graph\">{\"@context\":\"https:\/\/schema.org\",\"@graph\":[{\"@type\":\"WebPage\",\"@id\":\"https:\/\/stopcancertogether.org\/sk\/produkt\/cleorix\/\",\"url\":\"https:\/\/stopcancertogether.org\/sk\/produkt\/cleorix\/\",\"name\":\"Cleorix kapsuly \u2013 podpora pri probl\u00e9moch s parazitmi\",\"isPartOf\":{\"@id\":\"https:\/\/stopcancertogether.org\/sk\/#website\"},\"primaryImageOfPage\":{\"@id\":\"https:\/\/stopcancertogether.org\/sk\/produkt\/cleorix\/#primaryimage\"},\"image\":{\"@id\":\"https:\/\/stopcancertogether.org\/sk\/produkt\/cleorix\/#primaryimage\"},\"thumbnailUrl\":\"https:\/\/stopcancertogether.org\/sk\/wp-content\/uploads\/2026\/03\/Cleorix.png\",\"datePublished\":\"2026-03-12T08:04:59+00:00\",\"dateModified\":\"2026-03-12T08:16:09+00:00\",\"description\":\"Cleorix je doplnok v\u00fd\u017eivy na podporu \u010drevn\u00e9ho zdravia. Zistite viac o pr\u00edznakoch parazitov, zlo\u017een\u00ed produktu a jeho v\u00fdhod\u00e1ch.\",\"breadcrumb\":{\"@id\":\"https:\/\/stopcancertogether.org\/sk\/produkt\/cleorix\/#breadcrumb\"},\"inLanguage\":\"sk-SK\",\"potentialAction\":[{\"@type\":\"ReadAction\",\"target\":[\"https:\/\/stopcancertogether.org\/sk\/produkt\/cleorix\/\"]}]},{\"@type\":\"ImageObject\",\"inLanguage\":\"sk-SK\",\"@id\":\"https:\/\/stopcancertogether.org\/sk\/produkt\/cleorix\/#primaryimage\",\"url\":\"https:\/\/stopcancertogether.org\/sk\/wp-content\/uploads\/2026\/03\/Cleorix.png\",\"contentUrl\":\"https:\/\/stopcancertogether.org\/sk\/wp-content\/uploads\/2026\/03\/Cleorix.png\",\"width\":1000,\"height\":1000},{\"@type\":\"BreadcrumbList\",\"@id\":\"https:\/\/stopcancertogether.org\/sk\/produkt\/cleorix\/#breadcrumb\",\"itemListElement\":[{\"@type\":\"ListItem\",\"position\":1,\"name\":\"Domovsk\u00e1 str\u00e1nka\",\"item\":\"https:\/\/stopcancertogether.org\/sk\/\"},{\"@type\":\"ListItem\",\"position\":2,\"name\":\"Obchod\",\"item\":\"https:\/\/stopcancertogether.org\/sk\/\"},{\"@type\":\"ListItem\",\"position\":3,\"name\":\"Cleorix\"}]},{\"@type\":\"WebSite\",\"@id\":\"https:\/\/stopcancertogether.org\/sk\/#website\",\"url\":\"https:\/\/stopcancertogether.org\/sk\/\",\"name\":\"SK\",\"description\":\"\",\"potentialAction\":[{\"@type\":\"SearchAction\",\"target\":{\"@type\":\"EntryPoint\",\"urlTemplate\":\"https:\/\/stopcancertogether.org\/sk\/?s={search_term_string}\"},\"query-input\":{\"@type\":\"PropertyValueSpecification\",\"valueRequired\":true,\"valueName\":\"search_term_string\"}}],\"inLanguage\":\"sk-SK\"}]}<\/script>\n<!-- \/ Yoast SEO plugin. -->","yoast_head_json":{"title":"Cleorix kapsuly \u2013 podpora pri probl\u00e9moch s parazitmi","description":"Cleorix je doplnok v\u00fd\u017eivy na podporu \u010drevn\u00e9ho zdravia. Zistite viac o pr\u00edznakoch parazitov, zlo\u017een\u00ed produktu a jeho v\u00fdhod\u00e1ch.","robots":{"index":"index","follow":"follow","max-snippet":"max-snippet:-1","max-image-preview":"max-image-preview:large","max-video-preview":"max-video-preview:-1"},"canonical":"https:\/\/stopcancertogether.org\/sk\/produkt\/cleorix\/","og_locale":"sk_SK","og_type":"article","og_title":"Cleorix kapsuly \u2013 podpora pri probl\u00e9moch s parazitmi","og_description":"Cleorix je doplnok v\u00fd\u017eivy na podporu \u010drevn\u00e9ho zdravia. Zistite viac o pr\u00edznakoch parazitov, zlo\u017een\u00ed produktu a jeho v\u00fdhod\u00e1ch.","og_url":"https:\/\/stopcancertogether.org\/sk\/produkt\/cleorix\/","og_site_name":"SK","article_modified_time":"2026-03-12T08:16:09+00:00","og_image":[{"width":1000,"height":1000,"url":"https:\/\/stopcancertogether.org\/sk\/wp-content\/uploads\/2026\/03\/Cleorix.png","type":"image\/png"}],"twitter_card":"summary_large_image","twitter_misc":{"Predpokladan\u00fd \u010das \u010d\u00edtania":"4 min\u00faty"},"schema":{"@context":"https:\/\/schema.org","@graph":[{"@type":"WebPage","@id":"https:\/\/stopcancertogether.org\/sk\/produkt\/cleorix\/","url":"https:\/\/stopcancertogether.org\/sk\/produkt\/cleorix\/","name":"Cleorix kapsuly \u2013 podpora pri probl\u00e9moch s parazitmi","isPartOf":{"@id":"https:\/\/stopcancertogether.org\/sk\/#website"},"primaryImageOfPage":{"@id":"https:\/\/stopcancertogether.org\/sk\/produkt\/cleorix\/#primaryimage"},"image":{"@id":"https:\/\/stopcancertogether.org\/sk\/produkt\/cleorix\/#primaryimage"},"thumbnailUrl":"https:\/\/stopcancertogether.org\/sk\/wp-content\/uploads\/2026\/03\/Cleorix.png","datePublished":"2026-03-12T08:04:59+00:00","dateModified":"2026-03-12T08:16:09+00:00","description":"Cleorix je doplnok v\u00fd\u017eivy na podporu \u010drevn\u00e9ho zdravia. Zistite viac o pr\u00edznakoch parazitov, zlo\u017een\u00ed produktu a jeho v\u00fdhod\u00e1ch.","breadcrumb":{"@id":"https:\/\/stopcancertogether.org\/sk\/produkt\/cleorix\/#breadcrumb"},"inLanguage":"sk-SK","potentialAction":[{"@type":"ReadAction","target":["https:\/\/stopcancertogether.org\/sk\/produkt\/cleorix\/"]}]},{"@type":"ImageObject","inLanguage":"sk-SK","@id":"https:\/\/stopcancertogether.org\/sk\/produkt\/cleorix\/#primaryimage","url":"https:\/\/stopcancertogether.org\/sk\/wp-content\/uploads\/2026\/03\/Cleorix.png","contentUrl":"https:\/\/stopcancertogether.org\/sk\/wp-content\/uploads\/2026\/03\/Cleorix.png","width":1000,"height":1000},{"@type":"BreadcrumbList","@id":"https:\/\/stopcancertogether.org\/sk\/produkt\/cleorix\/#breadcrumb","itemListElement":[{"@type":"ListItem","position":1,"name":"Domovsk\u00e1 str\u00e1nka","item":"https:\/\/stopcancertogether.org\/sk\/"},{"@type":"ListItem","position":2,"name":"Obchod","item":"https:\/\/stopcancertogether.org\/sk\/"},{"@type":"ListItem","position":3,"name":"Cleorix"}]},{"@type":"WebSite","@id":"https:\/\/stopcancertogether.org\/sk\/#website","url":"https:\/\/stopcancertogether.org\/sk\/","name":"SK","description":"","potentialAction":[{"@type":"SearchAction","target":{"@type":"EntryPoint","urlTemplate":"https:\/\/stopcancertogether.org\/sk\/?s={search_term_string}"},"query-input":{"@type":"PropertyValueSpecification","valueRequired":true,"valueName":"search_term_string"}}],"inLanguage":"sk-SK"}]}},"_links":{"self":[{"href":"https:\/\/stopcancertogether.org\/sk\/wp-json\/wp\/v2\/product\/140","targetHints":{"allow":["GET"]}}],"collection":[{"href":"https:\/\/stopcancertogether.org\/sk\/wp-json\/wp\/v2\/product"}],"about":[{"href":"https:\/\/stopcancertogether.org\/sk\/wp-json\/wp\/v2\/types\/product"}],"wp:featuredmedia":[{"embeddable":true,"href":"https:\/\/stopcancertogether.org\/sk\/wp-json\/wp\/v2\/media\/145"}],"wp:attachment":[{"href":"https:\/\/stopcancertogether.org\/sk\/wp-json\/wp\/v2\/media?parent=140"}],"wp:term":[{"taxonomy":"product_brand","embeddable":true,"href":"https:\/\/stopcancertogether.org\/sk\/wp-json\/wp\/v2\/product_brand?post=140"},{"taxonomy":"product_cat","embeddable":true,"href":"https:\/\/stopcancertogether.org\/sk\/wp-json\/wp\/v2\/product_cat?post=140"},{"taxonomy":"product_tag","embeddable":true,"href":"https:\/\/stopcancertogether.org\/sk\/wp-json\/wp\/v2\/product_tag?post=140"}],"curies":[{"name":"wp","href":"https:\/\/api.w.org\/{rel}","templated":true}]}}