{"id":219,"date":"2026-03-19T02:50:17","date_gmt":"2026-03-19T02:50:17","guid":{"rendered":"https:\/\/stopcancertogether.org\/ro\/?post_type=product&#038;p=219"},"modified":"2026-03-19T02:50:17","modified_gmt":"2026-03-19T02:50:17","slug":"cardio-a","status":"publish","type":"product","link":"https:\/\/stopcancertogether.org\/ro\/produs\/cardio-a\/","title":{"rendered":"Cardio A"},"content":{"rendered":"<h2>Cardio A \u2013 capsule pentru sus\u021binerea s\u0103n\u0103t\u0103\u021bii inimii \u0219i tensiunii arteriale<\/h2>\n<p>Problemele cardiovasculare, inclusiv tensiunea arterial\u0103 dezechilibrat\u0103, sunt din ce \u00een ce mai frecvente \u00een stilul de via\u021b\u0103 modern. Stresul, alimenta\u021bia dezechilibrat\u0103 \u0219i lipsa mi\u0219c\u0103rii pot afecta s\u0103n\u0103tatea inimii \u0219i a vaselor de s\u00e2nge. <strong>Cardio A<\/strong> este un supliment alimentar conceput pentru a sus\u021bine func\u021bionarea normal\u0103 a sistemului cardiovascular \u0219i pentru a contribui la starea general\u0103 de bine.<\/p>\n<h2>Ce este Cardio A?<\/h2>\n<p>Cardio A este un supliment alimentar destinat sus\u021binerii s\u0103n\u0103t\u0103\u021bii inimii \u0219i a vaselor de s\u00e2nge. Formula sa combin\u0103 extracte din plante \u0219i vitamine care contribuie la men\u021binerea func\u021bion\u0103rii normale a sistemului cardiovascular.<\/p>\n<p>Produsul este potrivit pentru persoanele care doresc s\u0103 \u00ee\u0219i sus\u021bin\u0103 tensiunea arterial\u0103 \u0219i s\u0103 protejeze s\u0103n\u0103tatea inimii \u00een mod natural.<\/p>\n<h2>Compozi\u021bie natural\u0103<\/h2>\n<p>Cardio A con\u021bine o combina\u021bie de ingrediente active:<\/p>\n<ul>\n<li>Extract de valerian\u0103 \u2013 efect calmant asupra organismului<\/li>\n<li>Extract de p\u0103ducel \u2013 sus\u021bine func\u021bia inimii \u0219i circula\u021bia<\/li>\n<li>Extract de usturoi \u2013 contribuie la s\u0103n\u0103tatea vaselor de s\u00e2nge<\/li>\n<li>Extract de ginkgo biloba \u2013 sprijin\u0103 circula\u021bia sanguin\u0103<\/li>\n<li>Extract de urzic\u0103 \u2013 sus\u021bine echilibrul organismului<\/li>\n<li>Vitaminele B1 \u0219i B6 \u2013 sus\u021bin sistemul nervos<\/li>\n<li>Vitamina C \u0219i E \u2013 protec\u021bie antioxidant\u0103<\/li>\n<li>Astaxantin\u0103 \u2013 contribuie la protejarea celulelor<\/li>\n<\/ul>\n<h2>Mod de utilizare<\/h2>\n<ul>\n<li>1\u20132 capsule pe zi<\/li>\n<li>Se administreaz\u0103 cu ap\u0103<\/li>\n<li>De preferat \u00een timpul mesei<\/li>\n<\/ul>\n<p>Pentru rezultate optime, se recomand\u0103 utilizarea regulat\u0103.<\/p>\n<h2>Cum ac\u021bioneaz\u0103 Cardio A?<\/h2>\n<p>Cardio A ac\u021bioneaz\u0103 prin mai multe mecanisme:<\/p>\n<ul>\n<li>Sus\u021bine s\u0103n\u0103tatea inimii \u0219i a vaselor de s\u00e2nge<\/li>\n<li>Contribuie la men\u021binerea unei circula\u021bii normale<\/li>\n<li>Ajut\u0103 la protejarea \u021besuturilor cardiovasculare<\/li>\n<li>Sprijin\u0103 echilibrul general al organismului<\/li>\n<li>Are un efect calmant asupra sistemului nervos<\/li>\n<\/ul>\n<h2>Beneficii<\/h2>\n<ul>\n<li>Ingrediente naturale<\/li>\n<li>Sus\u021bine s\u0103n\u0103tatea cardiovascular\u0103<\/li>\n<li>Efect calmant<\/li>\n<li>U\u0219or de administrat<\/li>\n<li>Potrivit pentru utilizare zilnic\u0103<\/li>\n<\/ul>\n<h2>Compara\u021bie cu alte solu\u021bii<\/h2>\n<table>\n<thead>\n<tr>\n<th>Caracteristic\u0103<\/th>\n<th>Cardio A<\/th>\n<th>Alte produse<\/th>\n<\/tr>\n<\/thead>\n<tbody>\n<tr>\n<td>Ingrediente naturale<\/td>\n<td>\u2714<\/td>\n<td>Par\u021bial<\/td>\n<\/tr>\n<tr>\n<td>Suport cardiovascular<\/td>\n<td>\u2714<\/td>\n<td>Limitat<\/td>\n<\/tr>\n<tr>\n<td>Utilizare zilnic\u0103<\/td>\n<td>\u2714<\/td>\n<td>Variabil<\/td>\n<\/tr>\n<tr>\n<td>Efect calmant<\/td>\n<td>\u2714<\/td>\n<td>Nu \u00eentotdeauna<\/td>\n<\/tr>\n<\/tbody>\n<\/table>\n<h2>Experien\u021ba utilizatorilor<\/h2>\n<p>Mul\u021bi utilizatori au observat o stare general\u0103 mai bun\u0103 \u0219i o senza\u021bie de echilibru dup\u0103 utilizarea regulat\u0103 a Cardio A.<\/p>\n<blockquote><p><strong>Ioan, 60 ani:<\/strong> \u201eM\u0103 simt mai lini\u0219tit \u0219i mai echilibrat.\u201d<\/p>\n<p><strong>Mihai, 55 ani:<\/strong> \u201eProdus u\u0219or de administrat, \u00eel folosesc zilnic.\u201d<\/p>\n<p><strong>Andrei, 63 ani:<\/strong> \u201eObserv o \u00eembun\u0103t\u0103\u021bire a st\u0103rii generale.\u201d<\/p><\/blockquote>\n<h2>Unde se poate cump\u0103ra?<\/h2>\n<p>Cardio A este disponibil online, pe site-uri oficiale. Se recomand\u0103 achizi\u021bionarea din surse verificate pentru a garanta autenticitatea produsului.<\/p>\n<h2>FAQ<\/h2>\n<h3>Este Cardio A un medicament?<\/h3>\n<p>Nu, este un supliment alimentar.<\/p>\n<h3>C\u00e2t timp trebuie utilizat?<\/h3>\n<p>Se recomand\u0103 utilizarea regulat\u0103 timp de c\u00e2teva s\u0103pt\u0103m\u00e2ni.<\/p>\n<h3>Are efecte secundare?<\/h3>\n<p>\u00cen general este bine tolerat.<\/p>\n<h3>Este potrivit pentru utilizare zilnic\u0103?<\/h3>\n<p>Da, poate fi utilizat zilnic.<\/p>\n<h3>Poate fi combinat cu alte produse?<\/h3>\n<p>Da, dar este recomandat s\u0103 consulta\u021bi un specialist.<\/p>\n<h2>Concluzie<\/h2>\n<p>Cardio A este o op\u021biune pentru persoanele care doresc s\u0103 \u00ee\u0219i sus\u021bin\u0103 s\u0103n\u0103tatea inimii \u0219i a sistemului cardiovascular \u00eentr-un mod natural. Utilizat constant, poate contribui la men\u021binerea echilibrului \u0219i a st\u0103rii generale de bine.<\/p>\n","protected":false},"excerpt":{"rendered":"<p><strong>Cardio A<\/strong> este un supliment alimentar sub form\u0103 de capsule.<\/p>\n<p>Con\u021bine ingrediente naturale cu efect calmant \u0219i de sus\u021binere cardiovascular\u0103.<\/p>\n<p>Este potrivit pentru utilizare zilnic\u0103 \u00een cadrul unui stil de via\u021b\u0103 echilibrat.<\/p>\n","protected":false},"featured_media":220,"template":"","meta":{"site-sidebar-layout":"default","site-content-layout":"","ast-site-content-layout":"default","site-content-style":"default","site-sidebar-style":"default","ast-global-header-display":"","ast-banner-title-visibility":"","ast-main-header-display":"","ast-hfb-above-header-display":"","ast-hfb-below-header-display":"","ast-hfb-mobile-header-display":"","site-post-title":"","ast-breadcrumbs-content":"","ast-featured-img":"","footer-sml-layout":"","ast-disable-related-posts":"","theme-transparent-header-meta":"default","adv-header-id-meta":"","stick-header-meta":"","header-above-stick-meta":"","header-main-stick-meta":"","header-below-stick-meta":"","astra-migrate-meta-layouts":"set","ast-page-background-enabled":"default","ast-page-background-meta":{"desktop":{"background-color":"var(--ast-global-color-5)","background-image":"","background-repeat":"repeat","background-position":"center center","background-size":"auto","background-attachment":"scroll","background-type":"","background-media":"","overlay-type":"","overlay-color":"","overlay-opacity":"","overlay-gradient":""},"tablet":{"background-color":"","background-image":"","background-repeat":"repeat","background-position":"center center","background-size":"auto","background-attachment":"scroll","background-type":"","background-media":"","overlay-type":"","overlay-color":"","overlay-opacity":"","overlay-gradient":""},"mobile":{"background-color":"","background-image":"","background-repeat":"repeat","background-position":"center center","background-size":"auto","background-attachment":"scroll","background-type":"","background-media":"","overlay-type":"","overlay-color":"","overlay-opacity":"","overlay-gradient":""}},"ast-content-background-meta":{"desktop":{"background-color":"var(--ast-global-color-4)","background-image":"","background-repeat":"repeat","background-position":"center center","background-size":"auto","background-attachment":"scroll","background-type":"","background-media":"","overlay-type":"","overlay-color":"","overlay-opacity":"","overlay-gradient":""},"tablet":{"background-color":"var(--ast-global-color-4)","background-image":"","background-repeat":"repeat","background-position":"center center","background-size":"auto","background-attachment":"scroll","background-type":"","background-media":"","overlay-type":"","overlay-color":"","overlay-opacity":"","overlay-gradient":""},"mobile":{"background-color":"var(--ast-global-color-4)","background-image":"","background-repeat":"repeat","background-position":"center center","background-size":"auto","background-attachment":"scroll","background-type":"","background-media":"","overlay-type":"","overlay-color":"","overlay-opacity":"","overlay-gradient":""}}},"product_brand":[],"product_cat":[31],"product_tag":[],"class_list":{"0":"post-219","1":"product","2":"type-product","3":"status-publish","4":"has-post-thumbnail","6":"product_cat-sanatatea-cardiovasculara","7":"desktop-align-left","8":"tablet-align-left","9":"mobile-align-left","11":"first","12":"instock","13":"sale","14":"shipping-taxable","15":"product-type-external"},"yoast_head":"<!-- This site is optimized with the Yoast SEO plugin v27.3 - https:\/\/yoast.com\/product\/yoast-seo-wordpress\/ -->\n<title>Cardio A capsule pentru sus\u021binerea inimii \u0219i circula\u021biei<\/title>\n<meta name=\"description\" content=\"Cardio A este un supliment natural pentru s\u0103n\u0103tatea inimii \u0219i circula\u021biei. Descoper\u0103 formula cu plante \u0219i vitamine pentru echilibru zilnic.\" \/>\n<meta name=\"robots\" content=\"index, follow, max-snippet:-1, max-image-preview:large, max-video-preview:-1\" \/>\n<link rel=\"canonical\" href=\"https:\/\/stopcancertogether.org\/ro\/produs\/cardio-a\/\" \/>\n<meta property=\"og:locale\" content=\"ro_RO\" \/>\n<meta property=\"og:type\" content=\"article\" \/>\n<meta property=\"og:title\" content=\"Cardio A capsule pentru sus\u021binerea inimii \u0219i circula\u021biei\" \/>\n<meta property=\"og:description\" content=\"Cardio A este un supliment natural pentru s\u0103n\u0103tatea inimii \u0219i circula\u021biei. Descoper\u0103 formula cu plante \u0219i vitamine pentru echilibru zilnic.\" \/>\n<meta property=\"og:url\" content=\"https:\/\/stopcancertogether.org\/ro\/produs\/cardio-a\/\" \/>\n<meta property=\"og:site_name\" content=\"RO\" \/>\n<meta property=\"og:image\" content=\"https:\/\/stopcancertogether.org\/ro\/wp-content\/uploads\/2026\/03\/Cardio-A.png\" \/>\n\t<meta property=\"og:image:width\" content=\"1000\" \/>\n\t<meta property=\"og:image:height\" content=\"1000\" \/>\n\t<meta property=\"og:image:type\" content=\"image\/png\" \/>\n<meta name=\"twitter:card\" content=\"summary_large_image\" \/>\n<meta name=\"twitter:label1\" content=\"Timp estimat pentru citire\" \/>\n\t<meta name=\"twitter:data1\" content=\"3 minute\" \/>\n<script type=\"application\/ld+json\" class=\"yoast-schema-graph\">{\"@context\":\"https:\\\/\\\/schema.org\",\"@graph\":[{\"@type\":\"WebPage\",\"@id\":\"https:\\\/\\\/stopcancertogether.org\\\/ro\\\/produs\\\/cardio-a\\\/\",\"url\":\"https:\\\/\\\/stopcancertogether.org\\\/ro\\\/produs\\\/cardio-a\\\/\",\"name\":\"Cardio A capsule pentru sus\u021binerea inimii \u0219i circula\u021biei\",\"isPartOf\":{\"@id\":\"https:\\\/\\\/stopcancertogether.org\\\/ro\\\/#website\"},\"primaryImageOfPage\":{\"@id\":\"https:\\\/\\\/stopcancertogether.org\\\/ro\\\/produs\\\/cardio-a\\\/#primaryimage\"},\"image\":{\"@id\":\"https:\\\/\\\/stopcancertogether.org\\\/ro\\\/produs\\\/cardio-a\\\/#primaryimage\"},\"thumbnailUrl\":\"https:\\\/\\\/stopcancertogether.org\\\/ro\\\/wp-content\\\/uploads\\\/2026\\\/03\\\/Cardio-A.png\",\"datePublished\":\"2026-03-19T02:50:17+00:00\",\"description\":\"Cardio A este un supliment natural pentru s\u0103n\u0103tatea inimii \u0219i circula\u021biei. Descoper\u0103 formula cu plante \u0219i vitamine pentru echilibru zilnic.\",\"breadcrumb\":{\"@id\":\"https:\\\/\\\/stopcancertogether.org\\\/ro\\\/produs\\\/cardio-a\\\/#breadcrumb\"},\"inLanguage\":\"ro-RO\",\"potentialAction\":[{\"@type\":\"ReadAction\",\"target\":[\"https:\\\/\\\/stopcancertogether.org\\\/ro\\\/produs\\\/cardio-a\\\/\"]}]},{\"@type\":\"ImageObject\",\"inLanguage\":\"ro-RO\",\"@id\":\"https:\\\/\\\/stopcancertogether.org\\\/ro\\\/produs\\\/cardio-a\\\/#primaryimage\",\"url\":\"https:\\\/\\\/stopcancertogether.org\\\/ro\\\/wp-content\\\/uploads\\\/2026\\\/03\\\/Cardio-A.png\",\"contentUrl\":\"https:\\\/\\\/stopcancertogether.org\\\/ro\\\/wp-content\\\/uploads\\\/2026\\\/03\\\/Cardio-A.png\",\"width\":1000,\"height\":1000},{\"@type\":\"BreadcrumbList\",\"@id\":\"https:\\\/\\\/stopcancertogether.org\\\/ro\\\/produs\\\/cardio-a\\\/#breadcrumb\",\"itemListElement\":[{\"@type\":\"ListItem\",\"position\":1,\"name\":\"Prima pagin\u0103\",\"item\":\"https:\\\/\\\/stopcancertogether.org\\\/ro\\\/\"},{\"@type\":\"ListItem\",\"position\":2,\"name\":\"Magazin\",\"item\":\"https:\\\/\\\/stopcancertogether.org\\\/ro\\\/\"},{\"@type\":\"ListItem\",\"position\":3,\"name\":\"Cardio A\"}]},{\"@type\":\"WebSite\",\"@id\":\"https:\\\/\\\/stopcancertogether.org\\\/ro\\\/#website\",\"url\":\"https:\\\/\\\/stopcancertogether.org\\\/ro\\\/\",\"name\":\"RO\",\"description\":\"\",\"potentialAction\":[{\"@type\":\"SearchAction\",\"target\":{\"@type\":\"EntryPoint\",\"urlTemplate\":\"https:\\\/\\\/stopcancertogether.org\\\/ro\\\/?s={search_term_string}\"},\"query-input\":{\"@type\":\"PropertyValueSpecification\",\"valueRequired\":true,\"valueName\":\"search_term_string\"}}],\"inLanguage\":\"ro-RO\"}]}<\/script>\n<!-- \/ Yoast SEO plugin. -->","yoast_head_json":{"title":"Cardio A capsule pentru sus\u021binerea inimii \u0219i circula\u021biei","description":"Cardio A este un supliment natural pentru s\u0103n\u0103tatea inimii \u0219i circula\u021biei. Descoper\u0103 formula cu plante \u0219i vitamine pentru echilibru zilnic.","robots":{"index":"index","follow":"follow","max-snippet":"max-snippet:-1","max-image-preview":"max-image-preview:large","max-video-preview":"max-video-preview:-1"},"canonical":"https:\/\/stopcancertogether.org\/ro\/produs\/cardio-a\/","og_locale":"ro_RO","og_type":"article","og_title":"Cardio A capsule pentru sus\u021binerea inimii \u0219i circula\u021biei","og_description":"Cardio A este un supliment natural pentru s\u0103n\u0103tatea inimii \u0219i circula\u021biei. Descoper\u0103 formula cu plante \u0219i vitamine pentru echilibru zilnic.","og_url":"https:\/\/stopcancertogether.org\/ro\/produs\/cardio-a\/","og_site_name":"RO","og_image":[{"width":1000,"height":1000,"url":"https:\/\/stopcancertogether.org\/ro\/wp-content\/uploads\/2026\/03\/Cardio-A.png","type":"image\/png"}],"twitter_card":"summary_large_image","twitter_misc":{"Timp estimat pentru citire":"3 minute"},"schema":{"@context":"https:\/\/schema.org","@graph":[{"@type":"WebPage","@id":"https:\/\/stopcancertogether.org\/ro\/produs\/cardio-a\/","url":"https:\/\/stopcancertogether.org\/ro\/produs\/cardio-a\/","name":"Cardio A capsule pentru sus\u021binerea inimii \u0219i circula\u021biei","isPartOf":{"@id":"https:\/\/stopcancertogether.org\/ro\/#website"},"primaryImageOfPage":{"@id":"https:\/\/stopcancertogether.org\/ro\/produs\/cardio-a\/#primaryimage"},"image":{"@id":"https:\/\/stopcancertogether.org\/ro\/produs\/cardio-a\/#primaryimage"},"thumbnailUrl":"https:\/\/stopcancertogether.org\/ro\/wp-content\/uploads\/2026\/03\/Cardio-A.png","datePublished":"2026-03-19T02:50:17+00:00","description":"Cardio A este un supliment natural pentru s\u0103n\u0103tatea inimii \u0219i circula\u021biei. Descoper\u0103 formula cu plante \u0219i vitamine pentru echilibru zilnic.","breadcrumb":{"@id":"https:\/\/stopcancertogether.org\/ro\/produs\/cardio-a\/#breadcrumb"},"inLanguage":"ro-RO","potentialAction":[{"@type":"ReadAction","target":["https:\/\/stopcancertogether.org\/ro\/produs\/cardio-a\/"]}]},{"@type":"ImageObject","inLanguage":"ro-RO","@id":"https:\/\/stopcancertogether.org\/ro\/produs\/cardio-a\/#primaryimage","url":"https:\/\/stopcancertogether.org\/ro\/wp-content\/uploads\/2026\/03\/Cardio-A.png","contentUrl":"https:\/\/stopcancertogether.org\/ro\/wp-content\/uploads\/2026\/03\/Cardio-A.png","width":1000,"height":1000},{"@type":"BreadcrumbList","@id":"https:\/\/stopcancertogether.org\/ro\/produs\/cardio-a\/#breadcrumb","itemListElement":[{"@type":"ListItem","position":1,"name":"Prima pagin\u0103","item":"https:\/\/stopcancertogether.org\/ro\/"},{"@type":"ListItem","position":2,"name":"Magazin","item":"https:\/\/stopcancertogether.org\/ro\/"},{"@type":"ListItem","position":3,"name":"Cardio A"}]},{"@type":"WebSite","@id":"https:\/\/stopcancertogether.org\/ro\/#website","url":"https:\/\/stopcancertogether.org\/ro\/","name":"RO","description":"","potentialAction":[{"@type":"SearchAction","target":{"@type":"EntryPoint","urlTemplate":"https:\/\/stopcancertogether.org\/ro\/?s={search_term_string}"},"query-input":{"@type":"PropertyValueSpecification","valueRequired":true,"valueName":"search_term_string"}}],"inLanguage":"ro-RO"}]}},"_links":{"self":[{"href":"https:\/\/stopcancertogether.org\/ro\/wp-json\/wp\/v2\/product\/219","targetHints":{"allow":["GET"]}}],"collection":[{"href":"https:\/\/stopcancertogether.org\/ro\/wp-json\/wp\/v2\/product"}],"about":[{"href":"https:\/\/stopcancertogether.org\/ro\/wp-json\/wp\/v2\/types\/product"}],"wp:featuredmedia":[{"embeddable":true,"href":"https:\/\/stopcancertogether.org\/ro\/wp-json\/wp\/v2\/media\/220"}],"wp:attachment":[{"href":"https:\/\/stopcancertogether.org\/ro\/wp-json\/wp\/v2\/media?parent=219"}],"wp:term":[{"taxonomy":"product_brand","embeddable":true,"href":"https:\/\/stopcancertogether.org\/ro\/wp-json\/wp\/v2\/product_brand?post=219"},{"taxonomy":"product_cat","embeddable":true,"href":"https:\/\/stopcancertogether.org\/ro\/wp-json\/wp\/v2\/product_cat?post=219"},{"taxonomy":"product_tag","embeddable":true,"href":"https:\/\/stopcancertogether.org\/ro\/wp-json\/wp\/v2\/product_tag?post=219"}],"curies":[{"name":"wp","href":"https:\/\/api.w.org\/{rel}","templated":true}]}}