{"id":194,"date":"2026-03-12T08:36:02","date_gmt":"2026-03-12T08:36:02","guid":{"rendered":"https:\/\/stopcancertogether.org\/hu\/?post_type=product&#038;p=194"},"modified":"2026-03-12T08:36:02","modified_gmt":"2026-03-12T08:36:02","slug":"cleorix","status":"publish","type":"product","link":"https:\/\/stopcancertogether.org\/hu\/termek\/cleorix\/","title":{"rendered":"Cleorix"},"content":{"rendered":"<h2>Cleorix kapszula parazit\u00e1k ellen \u2013 t\u00e1mogat\u00e1s a b\u00e9lrendszer tisztas\u00e1g\u00e1\u00e9rt<\/h2>\n<p>A b\u00e9lrendszerben \u00e9l\u0151 parazit\u00e1k k\u00fcl\u00f6nb\u00f6z\u0151 kellemetlen t\u00fcneteket okozhatnak, p\u00e9ld\u00e1ul em\u00e9szt\u00e9si zavarokat, puffad\u00e1st, f\u00e1radts\u00e1got vagy \u00e1ltal\u00e1nos rossz k\u00f6z\u00e9rzetet. A fert\u0151z\u00e9s gyakran szennyezett \u00e9lelmiszereken, v\u00edzen vagy nem megfelel\u0151 higi\u00e9niai k\u00f6r\u00fclm\u00e9nyeken kereszt\u00fcl t\u00f6rt\u00e9nik. Ez\u00e9rt fontos odafigyelni a megel\u0151z\u00e9sre \u00e9s a szervezet t\u00e1mogat\u00e1s\u00e1ra.<\/p>\n<p>A megfelel\u0151 \u00e9trend \u00e9s az em\u00e9szt\u0151rendszert t\u00e1mogat\u00f3 kieg\u00e9sz\u00edt\u0151k seg\u00edthetnek a b\u00e9lrendszer egyens\u00faly\u00e1nak fenntart\u00e1s\u00e1ban. A <strong>Cleorix<\/strong> egy kapszula form\u00e1j\u00fa \u00e9trend\u2011kieg\u00e9sz\u00edt\u0151, amelyet \u00fagy fejlesztettek ki, hogy t\u00e1mogassa a szervezet term\u00e9szetes folyamatait \u00e9s seg\u00edtse a parazit\u00e1k elleni k\u00fczdelmet.<\/p>\n<h2>Mi a Cleorix?<\/h2>\n<p>A Cleorix egy \u00e9trend\u2011kieg\u00e9sz\u00edt\u0151 kapszula, amelyet azok sz\u00e1m\u00e1ra fejlesztettek ki, akik szeretn\u00e9k t\u00e1mogatni szervezet\u00fcket a b\u00e9lrendszeri parazit\u00e1k elleni k\u00fczdelemben. A k\u00e9sz\u00edtm\u00e9ny k\u00f6nnyen bevehet\u0151 kapszul\u00e1k form\u00e1j\u00e1ban \u00e9rhet\u0151 el, \u00edgy egyszer\u0171en beilleszthet\u0151 a mindennapi rutinba.<\/p>\n<p>A term\u00e9szetes \u00f6sszetev\u0151k kombin\u00e1ci\u00f3ja seg\u00edthet a b\u00e9lrendszer tisztas\u00e1g\u00e1nak fenntart\u00e1s\u00e1ban \u00e9s t\u00e1mogathatja az em\u00e9szt\u0151rendszer megfelel\u0151 m\u0171k\u00f6d\u00e9s\u00e9t.<\/p>\n<h2>Term\u00e9szetes \u00f6sszet\u00e9tel<\/h2>\n<p class=\"font-claude-response-body break-words whitespace-normal leading-[1.7]\">A Cleorix kapszula n\u00f6v\u00e9nyi eredet\u0171 \u00f6sszetev\u0151ket tartalmaz, amelyek t\u00e1mogatj\u00e1k az em\u00e9szt\u0151rendszer m\u0171k\u00f6d\u00e9s\u00e9t \u00e9s hozz\u00e1j\u00e1rulhatnak a b\u00e9lrendszer egyens\u00faly\u00e1nak fenntart\u00e1s\u00e1hoz.<\/p>\n<ul class=\"[li_&amp;]:mb-0 [li_&amp;]:mt-1 [li_&amp;]:gap-1 [&amp;:not(:last-child)_ul]:pb-1 [&amp;:not(:last-child)_ol]:pb-1 list-disc flex flex-col gap-1 pl-8 mb-3\">\n<li class=\"whitespace-normal break-words pl-2\"><strong>Berberin<\/strong> \u2013 antimikrobi\u00e1lis \u00e9s antiparazitikus hat\u00e1s\u00e1r\u00f3l ismert vegy\u00fclet, amely t\u00e1mogatja a b\u00e9lfl\u00f3ra eg\u00e9szs\u00e9ges egyens\u00faly\u00e1t<\/li>\n<li class=\"whitespace-normal break-words pl-2\"><strong>Guarana kivonat<\/strong> \u2013 term\u00e9szetes energiaforr\u00e1s, amely \u00e9l\u00e9nk\u00edti a szervezetet \u00e9s t\u00e1mogatja az anyagcser\u00e9t<\/li>\n<li class=\"whitespace-normal break-words pl-2\"><strong>Anan\u00e1sz kivonat (bromelain)<\/strong> \u2013 em\u00e9szt\u00e9st seg\u00edt\u0151 enzim, amely hozz\u00e1j\u00e1rul a feh\u00e9rj\u00e9k lebont\u00e1s\u00e1hoz \u00e9s cs\u00f6kkenti a puffad\u00e1st<\/li>\n<li class=\"whitespace-normal break-words pl-2\"><strong>Z\u00f6ld k\u00e1v\u00e9 kivonat<\/strong> \u2013 antioxid\u00e1ns hat\u00e1s\u00fa \u00f6sszetev\u0151, amely t\u00e1mogatja az anyagcser\u00e9t \u00e9s a szervezet m\u00e9regtelen\u00edt\u00e9s\u00e9t<\/li>\n<li class=\"whitespace-normal break-words pl-2\"><strong>Mat\u00e9 kivonat<\/strong> \u2013 term\u00e9szetes \u00e9l\u00e9nk\u00edt\u0151, amely seg\u00edti az em\u00e9szt\u00e9st \u00e9s hozz\u00e1j\u00e1rul az \u00e1ltal\u00e1nos k\u00f6z\u00e9rzet jav\u00edt\u00e1s\u00e1hoz<\/li>\n<li class=\"whitespace-normal break-words pl-2\"><strong>Sp\u00e1rga kivonat<\/strong> \u2013 v\u00edzhajt\u00f3 \u00e9s m\u00e9regtelen\u00edt\u0151 hat\u00e1s\u00fa n\u00f6v\u00e9nyi \u00f6sszetev\u0151, amely t\u00e1mogatja a ves\u00e9k \u00e9s a b\u00e9lrendszer tisztul\u00e1s\u00e1t<\/li>\n<\/ul>\n<p>Ezek az \u00f6sszetev\u0151k hozz\u00e1j\u00e1rulhatnak a b\u00e9lrendszer megfelel\u0151 m\u0171k\u00f6d\u00e9s\u00e9hez \u00e9s olyan k\u00f6rnyezet kialak\u00edt\u00e1s\u00e1hoz, amely kev\u00e9sb\u00e9 kedvez a parazit\u00e1k sz\u00e1m\u00e1ra.<\/p>\n<h2>Hogyan kell haszn\u00e1lni?<\/h2>\n<p>A kapszul\u00e1k haszn\u00e1lata egyszer\u0171, \u00e9s k\u00f6nnyen beilleszthet\u0151 a napi rutinba:<\/p>\n<ol>\n<li>Vegyen be kapszul\u00e1t elegend\u0151 mennyis\u00e9g\u0171 v\u00edzzel.<\/li>\n<li>K\u00f6vesse a csomagol\u00e1son felt\u00fcntetett aj\u00e1nlott adagol\u00e1st.<\/li>\n<li>A legjobb eredm\u00e9ny \u00e9rdek\u00e9ben haszn\u00e1lja rendszeresen.<\/li>\n<\/ol>\n<p>Az eg\u00e9szs\u00e9ges \u00e9trend \u00e9s a megfelel\u0151 higi\u00e9nia szint\u00e9n fontos a b\u00e9lrendszer eg\u00e9szs\u00e9g\u00e9nek meg\u0151rz\u00e9s\u00e9ben.<\/p>\n<h2>Hogyan m\u0171k\u00f6dik a Cleorix?<\/h2>\n<p>A k\u00e9sz\u00edtm\u00e9ny hat\u00e1sa a term\u00e9szetes n\u00f6v\u00e9nyi \u00f6sszetev\u0151k kombin\u00e1ci\u00f3j\u00e1n alapul, amelyek t\u00e1mogatj\u00e1k a szervezet term\u00e9szetes folyamatait.<\/p>\n<p>Rendszeres haszn\u00e1lat mellett a Cleorix hozz\u00e1j\u00e1rulhat:<\/p>\n<ul>\n<li>a b\u00e9lrendszer tiszt\u00edt\u00e1s\u00e1nak t\u00e1mogat\u00e1s\u00e1hoz<\/li>\n<li>az em\u00e9szt\u0151rendszer egyens\u00faly\u00e1nak fenntart\u00e1s\u00e1hoz<\/li>\n<li>a parazit\u00e1k sz\u00e1m\u00e1ra kedvez\u0151tlen k\u00f6rnyezet kialak\u00edt\u00e1s\u00e1hoz<\/li>\n<li>az em\u00e9szt\u00e9s t\u00e1mogat\u00e1s\u00e1hoz<\/li>\n<li>az \u00e1ltal\u00e1nos k\u00f6z\u00e9rzet jav\u00edt\u00e1s\u00e1hoz<\/li>\n<\/ul>\n<h2>El\u0151ny\u00f6k<\/h2>\n<p>A Cleorix haszn\u00e1lat\u00e1nak lehets\u00e9ges el\u0151nyei:<\/p>\n<ul>\n<li>praktikus kapszula forma<\/li>\n<li>n\u00f6v\u00e9nyi eredet\u0171 \u00f6sszetev\u0151k<\/li>\n<li>k\u00f6nny\u0171 haszn\u00e1lat<\/li>\n<li>az em\u00e9szt\u0151rendszer t\u00e1mogat\u00e1sa<\/li>\n<li>a b\u00e9lrendszer tisztas\u00e1g\u00e1nak el\u0151seg\u00edt\u00e9se<\/li>\n<\/ul>\n<h2>\u00d6sszehasonl\u00edt\u00e1s hagyom\u00e1nyos k\u00e9sz\u00edtm\u00e9nyekkel<\/h2>\n<table>\n<thead>\n<tr>\n<th>Tulajdons\u00e1g<\/th>\n<th>Cleorix<\/th>\n<th>Hagyom\u00e1nyos k\u00e9sz\u00edtm\u00e9nyek<\/th>\n<\/tr>\n<\/thead>\n<tbody>\n<tr>\n<td>Parazit\u00e1k elleni t\u00e1mogat\u00e1s<\/td>\n<td>\u2714<\/td>\n<td>korl\u00e1tozott<\/td>\n<\/tr>\n<tr>\n<td>Term\u00e9szetes \u00f6sszetev\u0151k<\/td>\n<td>\u2714<\/td>\n<td>n\u00e9ha<\/td>\n<\/tr>\n<tr>\n<td>Em\u00e9szt\u00e9s t\u00e1mogat\u00e1sa<\/td>\n<td>\u2714<\/td>\n<td>\u2714<\/td>\n<\/tr>\n<tr>\n<td>K\u00f6nny\u0171 haszn\u00e1lat<\/td>\n<td>\u2714<\/td>\n<td>\u2714<\/td>\n<\/tr>\n<tr>\n<td>Komplex formula<\/td>\n<td>\u2714<\/td>\n<td>korl\u00e1tozott<\/td>\n<\/tr>\n<\/tbody>\n<\/table>\n<h2>Felhaszn\u00e1l\u00f3i tapasztalatok<\/h2>\n<p>Sokan keresnek term\u00e9szetes megold\u00e1sokat a b\u00e9lrendszer eg\u00e9szs\u00e9g\u00e9nek t\u00e1mogat\u00e1s\u00e1ra. Az al\u00e1bbi tapasztalatok bemutatj\u00e1k, hogyan illesztik be a felhaszn\u00e1l\u00f3k a term\u00e9ket a mindennapi rutinjukba.<\/p>\n<blockquote><p><strong>Katalin, 41 \u00e9ves<\/strong><br \/>\n\u201eN\u00e9h\u00e1ny h\u00e9t haszn\u00e1lat ut\u00e1n az em\u00e9szt\u00e9sem kiegyens\u00falyozottabbnak t\u0171nik.\u201d<\/p>\n<p><strong>Bal\u00e1zs, 45 \u00e9ves<\/strong><br \/>\n\u201eA kapszul\u00e1k k\u00f6nnyen bevehet\u0151k, \u00e9s j\u00f3l illeszkednek a napi rutinomba.\u201d<\/p>\n<p><strong>\u00c9va, 37 \u00e9ves<\/strong><br \/>\n\u201eA tiszt\u00edt\u00f3k\u00fara r\u00e9szek\u00e9nt kezdtem el haszn\u00e1lni, \u00e9s el\u00e9gedett vagyok.\u201d<\/p><\/blockquote>\n<h2>Hol kaphat\u00f3 a Cleorix?<\/h2>\n<p>A Cleorix \u00e1ltal\u00e1ban online \u00e9rhet\u0151 el hivatalos \u00e9rt\u00e9kes\u00edt\u00e9si oldalakon. Az online rendel\u00e9s lehet\u0151v\u00e9 teszi az aktu\u00e1lis el\u00e9rhet\u0151s\u00e9g ellen\u0151rz\u00e9s\u00e9t \u00e9s a rendel\u00e9si inform\u00e1ci\u00f3k megismer\u00e9s\u00e9t.<\/p>\n<p>A hamis term\u00e9kek elker\u00fcl\u00e9se \u00e9rdek\u00e9ben aj\u00e1nlott a term\u00e9ket hivatalos forr\u00e1sb\u00f3l megrendelni.<\/p>\n<h2>Gyakran ism\u00e9telt k\u00e9rd\u00e9sek<\/h2>\n<h3>Mi az a Cleorix?<\/h3>\n<p>A Cleorix egy kapszula form\u00e1j\u00fa \u00e9trend\u2011kieg\u00e9sz\u00edt\u0151, amely a b\u00e9lrendszer t\u00e1mogat\u00e1s\u00e1ra \u00e9s a parazit\u00e1k elleni v\u00e9delem el\u0151seg\u00edt\u00e9s\u00e9re k\u00e9sz\u00fclt.<\/p>\n<h3>Gy\u00f3gyszernek min\u0151s\u00fcl?<\/h3>\n<p>Nem. A Cleorix \u00e9trend\u2011kieg\u00e9sz\u00edt\u0151, nem gy\u00f3gyszer.<\/p>\n<h3>Mennyi ideig kell szedni?<\/h3>\n<p>A haszn\u00e1lat id\u0151tartama az egy\u00e9ni ig\u00e9nyekt\u0151l \u00e9s a csomagol\u00e1son felt\u00fcntetett aj\u00e1nl\u00e1st\u00f3l f\u00fcgg.<\/p>\n<h3>Kik haszn\u00e1lhatj\u00e1k a term\u00e9ket?<\/h3>\n<p>A k\u00e9sz\u00edtm\u00e9ny els\u0151sorban feln\u0151ttek sz\u00e1m\u00e1ra k\u00e9sz\u00fclt.<\/p>\n<h3>Mikor v\u00e1rhat\u00f3k az els\u0151 eredm\u00e9nyek?<\/h3>\n<p>Az eredm\u00e9nyek egy\u00e9nenk\u00e9nt elt\u00e9r\u0151ek lehetnek, \u00e9s a rendszeres haszn\u00e1latt\u00f3l is f\u00fcggnek.<\/p>\n<h2>\u00d6sszegz\u00e9s<\/h2>\n<p>A b\u00e9lrendszer eg\u00e9szs\u00e9ge fontos szerepet j\u00e1tszik az \u00e1ltal\u00e1nos j\u00f3 k\u00f6z\u00e9rzetben. A megfelel\u0151 higi\u00e9nia, az eg\u00e9szs\u00e9ges \u00e9trend \u00e9s a t\u00e1mogat\u00f3 \u00e9trend\u2011kieg\u00e9sz\u00edt\u0151k seg\u00edthetnek a szervezet egyens\u00faly\u00e1nak fenntart\u00e1s\u00e1ban.<\/p>\n<p>A Cleorix kapszula olyan \u00e9trend\u2011kieg\u00e9sz\u00edt\u0151, amely t\u00e1mogathatja a b\u00e9lrendszer tisztas\u00e1g\u00e1t \u00e9s hozz\u00e1j\u00e1rulhat a parazit\u00e1k elleni term\u00e9szetes v\u00e9delemhez.<\/p>\n","protected":false},"excerpt":{"rendered":"<p>A <strong>Cleorix<\/strong> egy kapszula form\u00e1j\u00fa \u00e9trend\u2011kieg\u00e9sz\u00edt\u0151, amely a b\u00e9lrendszer t\u00e1mogat\u00e1s\u00e1ra \u00e9s a parazit\u00e1k elleni v\u00e9delem el\u0151seg\u00edt\u00e9s\u00e9re k\u00e9sz\u00fclt.<\/p>\n<p>N\u00f6v\u00e9nyi eredet\u0171 \u00f6sszetev\u0151ket tartalmaz, amelyeket gyakran alkalmaznak az em\u00e9szt\u00e9s t\u00e1mogat\u00e1s\u00e1ra.<\/p>\n<p>Rendszeres haszn\u00e1lata hozz\u00e1j\u00e1rulhat a b\u00e9lrendszer eg\u00e9szs\u00e9ges egyens\u00faly\u00e1nak fenntart\u00e1s\u00e1hoz.<\/p>\n","protected":false},"featured_media":195,"template":"","meta":{"site-sidebar-layout":"default","site-content-layout":"","ast-site-content-layout":"default","site-content-style":"default","site-sidebar-style":"default","ast-global-header-display":"","ast-banner-title-visibility":"","ast-main-header-display":"","ast-hfb-above-header-display":"","ast-hfb-below-header-display":"","ast-hfb-mobile-header-display":"","site-post-title":"","ast-breadcrumbs-content":"","ast-featured-img":"","footer-sml-layout":"","ast-disable-related-posts":"","theme-transparent-header-meta":"default","adv-header-id-meta":"","stick-header-meta":"","header-above-stick-meta":"","header-main-stick-meta":"","header-below-stick-meta":"","astra-migrate-meta-layouts":"set","ast-page-background-enabled":"default","ast-page-background-meta":{"desktop":{"background-color":"var(--ast-global-color-5)","background-image":"","background-repeat":"repeat","background-position":"center center","background-size":"auto","background-attachment":"scroll","background-type":"","background-media":"","overlay-type":"","overlay-color":"","overlay-opacity":"","overlay-gradient":""},"tablet":{"background-color":"","background-image":"","background-repeat":"repeat","background-position":"center center","background-size":"auto","background-attachment":"scroll","background-type":"","background-media":"","overlay-type":"","overlay-color":"","overlay-opacity":"","overlay-gradient":""},"mobile":{"background-color":"","background-image":"","background-repeat":"repeat","background-position":"center center","background-size":"auto","background-attachment":"scroll","background-type":"","background-media":"","overlay-type":"","overlay-color":"","overlay-opacity":"","overlay-gradient":""}},"ast-content-background-meta":{"desktop":{"background-color":"var(--ast-global-color-4)","background-image":"","background-repeat":"repeat","background-position":"center center","background-size":"auto","background-attachment":"scroll","background-type":"","background-media":"","overlay-type":"","overlay-color":"","overlay-opacity":"","overlay-gradient":""},"tablet":{"background-color":"var(--ast-global-color-4)","background-image":"","background-repeat":"repeat","background-position":"center center","background-size":"auto","background-attachment":"scroll","background-type":"","background-media":"","overlay-type":"","overlay-color":"","overlay-opacity":"","overlay-gradient":""},"mobile":{"background-color":"var(--ast-global-color-4)","background-image":"","background-repeat":"repeat","background-position":"center center","background-size":"auto","background-attachment":"scroll","background-type":"","background-media":"","overlay-type":"","overlay-color":"","overlay-opacity":"","overlay-gradient":""}}},"product_brand":[],"product_cat":[26],"product_tag":[],"class_list":{"0":"post-194","1":"product","2":"type-product","3":"status-publish","4":"has-post-thumbnail","6":"product_cat-parazitairtas","7":"desktop-align-left","8":"tablet-align-left","9":"mobile-align-left","11":"first","12":"instock","13":"sale","14":"shipping-taxable","15":"product-type-external"},"yoast_head":"<!-- This site is optimized with the Yoast SEO plugin v27.2 - https:\/\/yoast.com\/product\/yoast-seo-wordpress\/ -->\n<title>Cleorix kapszula parazit\u00e1k ellen \u2013 b\u00e9lrendszer t\u00e1mogat\u00e1sa<\/title>\n<meta name=\"description\" content=\"Cleorix kapszula parazit\u00e1k ellen seg\u00edthet a b\u00e9lrendszer tisztas\u00e1g\u00e1nak fenntart\u00e1s\u00e1ban. Tudja meg, hogyan m\u0171k\u00f6dik, hogyan kell haszn\u00e1lni \u00e9s hol kaphat\u00f3.\" \/>\n<meta name=\"robots\" content=\"index, follow, max-snippet:-1, max-image-preview:large, max-video-preview:-1\" \/>\n<link rel=\"canonical\" href=\"https:\/\/stopcancertogether.org\/hu\/termek\/cleorix\/\" \/>\n<meta property=\"og:locale\" content=\"hu_HU\" \/>\n<meta property=\"og:type\" content=\"article\" \/>\n<meta property=\"og:title\" content=\"Cleorix kapszula parazit\u00e1k ellen \u2013 b\u00e9lrendszer t\u00e1mogat\u00e1sa\" \/>\n<meta property=\"og:description\" content=\"Cleorix kapszula parazit\u00e1k ellen seg\u00edthet a b\u00e9lrendszer tisztas\u00e1g\u00e1nak fenntart\u00e1s\u00e1ban. Tudja meg, hogyan m\u0171k\u00f6dik, hogyan kell haszn\u00e1lni \u00e9s hol kaphat\u00f3.\" \/>\n<meta property=\"og:url\" content=\"https:\/\/stopcancertogether.org\/hu\/termek\/cleorix\/\" \/>\n<meta property=\"og:site_name\" content=\"HU\" \/>\n<meta property=\"og:image\" content=\"https:\/\/stopcancertogether.org\/hu\/wp-content\/uploads\/2026\/03\/Cleorix.png\" \/>\n\t<meta property=\"og:image:width\" content=\"1000\" \/>\n\t<meta property=\"og:image:height\" content=\"1000\" \/>\n\t<meta property=\"og:image:type\" content=\"image\/png\" \/>\n<meta name=\"twitter:card\" content=\"summary_large_image\" \/>\n<meta name=\"twitter:label1\" content=\"Becs\u00fclt olvas\u00e1si id\u0151\" \/>\n\t<meta name=\"twitter:data1\" content=\"4 perc\" \/>\n<script type=\"application\/ld+json\" class=\"yoast-schema-graph\">{\"@context\":\"https:\/\/schema.org\",\"@graph\":[{\"@type\":\"WebPage\",\"@id\":\"https:\/\/stopcancertogether.org\/hu\/termek\/cleorix\/\",\"url\":\"https:\/\/stopcancertogether.org\/hu\/termek\/cleorix\/\",\"name\":\"Cleorix kapszula parazit\u00e1k ellen \u2013 b\u00e9lrendszer t\u00e1mogat\u00e1sa\",\"isPartOf\":{\"@id\":\"https:\/\/stopcancertogether.org\/hu\/#website\"},\"primaryImageOfPage\":{\"@id\":\"https:\/\/stopcancertogether.org\/hu\/termek\/cleorix\/#primaryimage\"},\"image\":{\"@id\":\"https:\/\/stopcancertogether.org\/hu\/termek\/cleorix\/#primaryimage\"},\"thumbnailUrl\":\"https:\/\/stopcancertogether.org\/hu\/wp-content\/uploads\/2026\/03\/Cleorix.png\",\"datePublished\":\"2026-03-12T08:36:02+00:00\",\"description\":\"Cleorix kapszula parazit\u00e1k ellen seg\u00edthet a b\u00e9lrendszer tisztas\u00e1g\u00e1nak fenntart\u00e1s\u00e1ban. Tudja meg, hogyan m\u0171k\u00f6dik, hogyan kell haszn\u00e1lni \u00e9s hol kaphat\u00f3.\",\"breadcrumb\":{\"@id\":\"https:\/\/stopcancertogether.org\/hu\/termek\/cleorix\/#breadcrumb\"},\"inLanguage\":\"hu\",\"potentialAction\":[{\"@type\":\"ReadAction\",\"target\":[\"https:\/\/stopcancertogether.org\/hu\/termek\/cleorix\/\"]}]},{\"@type\":\"ImageObject\",\"inLanguage\":\"hu\",\"@id\":\"https:\/\/stopcancertogether.org\/hu\/termek\/cleorix\/#primaryimage\",\"url\":\"https:\/\/stopcancertogether.org\/hu\/wp-content\/uploads\/2026\/03\/Cleorix.png\",\"contentUrl\":\"https:\/\/stopcancertogether.org\/hu\/wp-content\/uploads\/2026\/03\/Cleorix.png\",\"width\":1000,\"height\":1000},{\"@type\":\"BreadcrumbList\",\"@id\":\"https:\/\/stopcancertogether.org\/hu\/termek\/cleorix\/#breadcrumb\",\"itemListElement\":[{\"@type\":\"ListItem\",\"position\":1,\"name\":\"Kezd\u0151lap\",\"item\":\"https:\/\/stopcancertogether.org\/hu\/\"},{\"@type\":\"ListItem\",\"position\":2,\"name\":\"Shop\",\"item\":\"https:\/\/stopcancertogether.org\/hu\/\"},{\"@type\":\"ListItem\",\"position\":3,\"name\":\"Cleorix\"}]},{\"@type\":\"WebSite\",\"@id\":\"https:\/\/stopcancertogether.org\/hu\/#website\",\"url\":\"https:\/\/stopcancertogether.org\/hu\/\",\"name\":\"HU\",\"description\":\"\",\"potentialAction\":[{\"@type\":\"SearchAction\",\"target\":{\"@type\":\"EntryPoint\",\"urlTemplate\":\"https:\/\/stopcancertogether.org\/hu\/?s={search_term_string}\"},\"query-input\":{\"@type\":\"PropertyValueSpecification\",\"valueRequired\":true,\"valueName\":\"search_term_string\"}}],\"inLanguage\":\"hu\"}]}<\/script>\n<!-- \/ Yoast SEO plugin. -->","yoast_head_json":{"title":"Cleorix kapszula parazit\u00e1k ellen \u2013 b\u00e9lrendszer t\u00e1mogat\u00e1sa","description":"Cleorix kapszula parazit\u00e1k ellen seg\u00edthet a b\u00e9lrendszer tisztas\u00e1g\u00e1nak fenntart\u00e1s\u00e1ban. Tudja meg, hogyan m\u0171k\u00f6dik, hogyan kell haszn\u00e1lni \u00e9s hol kaphat\u00f3.","robots":{"index":"index","follow":"follow","max-snippet":"max-snippet:-1","max-image-preview":"max-image-preview:large","max-video-preview":"max-video-preview:-1"},"canonical":"https:\/\/stopcancertogether.org\/hu\/termek\/cleorix\/","og_locale":"hu_HU","og_type":"article","og_title":"Cleorix kapszula parazit\u00e1k ellen \u2013 b\u00e9lrendszer t\u00e1mogat\u00e1sa","og_description":"Cleorix kapszula parazit\u00e1k ellen seg\u00edthet a b\u00e9lrendszer tisztas\u00e1g\u00e1nak fenntart\u00e1s\u00e1ban. Tudja meg, hogyan m\u0171k\u00f6dik, hogyan kell haszn\u00e1lni \u00e9s hol kaphat\u00f3.","og_url":"https:\/\/stopcancertogether.org\/hu\/termek\/cleorix\/","og_site_name":"HU","og_image":[{"width":1000,"height":1000,"url":"https:\/\/stopcancertogether.org\/hu\/wp-content\/uploads\/2026\/03\/Cleorix.png","type":"image\/png"}],"twitter_card":"summary_large_image","twitter_misc":{"Becs\u00fclt olvas\u00e1si id\u0151":"4 perc"},"schema":{"@context":"https:\/\/schema.org","@graph":[{"@type":"WebPage","@id":"https:\/\/stopcancertogether.org\/hu\/termek\/cleorix\/","url":"https:\/\/stopcancertogether.org\/hu\/termek\/cleorix\/","name":"Cleorix kapszula parazit\u00e1k ellen \u2013 b\u00e9lrendszer t\u00e1mogat\u00e1sa","isPartOf":{"@id":"https:\/\/stopcancertogether.org\/hu\/#website"},"primaryImageOfPage":{"@id":"https:\/\/stopcancertogether.org\/hu\/termek\/cleorix\/#primaryimage"},"image":{"@id":"https:\/\/stopcancertogether.org\/hu\/termek\/cleorix\/#primaryimage"},"thumbnailUrl":"https:\/\/stopcancertogether.org\/hu\/wp-content\/uploads\/2026\/03\/Cleorix.png","datePublished":"2026-03-12T08:36:02+00:00","description":"Cleorix kapszula parazit\u00e1k ellen seg\u00edthet a b\u00e9lrendszer tisztas\u00e1g\u00e1nak fenntart\u00e1s\u00e1ban. Tudja meg, hogyan m\u0171k\u00f6dik, hogyan kell haszn\u00e1lni \u00e9s hol kaphat\u00f3.","breadcrumb":{"@id":"https:\/\/stopcancertogether.org\/hu\/termek\/cleorix\/#breadcrumb"},"inLanguage":"hu","potentialAction":[{"@type":"ReadAction","target":["https:\/\/stopcancertogether.org\/hu\/termek\/cleorix\/"]}]},{"@type":"ImageObject","inLanguage":"hu","@id":"https:\/\/stopcancertogether.org\/hu\/termek\/cleorix\/#primaryimage","url":"https:\/\/stopcancertogether.org\/hu\/wp-content\/uploads\/2026\/03\/Cleorix.png","contentUrl":"https:\/\/stopcancertogether.org\/hu\/wp-content\/uploads\/2026\/03\/Cleorix.png","width":1000,"height":1000},{"@type":"BreadcrumbList","@id":"https:\/\/stopcancertogether.org\/hu\/termek\/cleorix\/#breadcrumb","itemListElement":[{"@type":"ListItem","position":1,"name":"Kezd\u0151lap","item":"https:\/\/stopcancertogether.org\/hu\/"},{"@type":"ListItem","position":2,"name":"Shop","item":"https:\/\/stopcancertogether.org\/hu\/"},{"@type":"ListItem","position":3,"name":"Cleorix"}]},{"@type":"WebSite","@id":"https:\/\/stopcancertogether.org\/hu\/#website","url":"https:\/\/stopcancertogether.org\/hu\/","name":"HU","description":"","potentialAction":[{"@type":"SearchAction","target":{"@type":"EntryPoint","urlTemplate":"https:\/\/stopcancertogether.org\/hu\/?s={search_term_string}"},"query-input":{"@type":"PropertyValueSpecification","valueRequired":true,"valueName":"search_term_string"}}],"inLanguage":"hu"}]}},"_links":{"self":[{"href":"https:\/\/stopcancertogether.org\/hu\/wp-json\/wp\/v2\/product\/194","targetHints":{"allow":["GET"]}}],"collection":[{"href":"https:\/\/stopcancertogether.org\/hu\/wp-json\/wp\/v2\/product"}],"about":[{"href":"https:\/\/stopcancertogether.org\/hu\/wp-json\/wp\/v2\/types\/product"}],"wp:featuredmedia":[{"embeddable":true,"href":"https:\/\/stopcancertogether.org\/hu\/wp-json\/wp\/v2\/media\/195"}],"wp:attachment":[{"href":"https:\/\/stopcancertogether.org\/hu\/wp-json\/wp\/v2\/media?parent=194"}],"wp:term":[{"taxonomy":"product_brand","embeddable":true,"href":"https:\/\/stopcancertogether.org\/hu\/wp-json\/wp\/v2\/product_brand?post=194"},{"taxonomy":"product_cat","embeddable":true,"href":"https:\/\/stopcancertogether.org\/hu\/wp-json\/wp\/v2\/product_cat?post=194"},{"taxonomy":"product_tag","embeddable":true,"href":"https:\/\/stopcancertogether.org\/hu\/wp-json\/wp\/v2\/product_tag?post=194"}],"curies":[{"name":"wp","href":"https:\/\/api.w.org\/{rel}","templated":true}]}}